{"id":15,"date":"2025-01-07T22:09:26","date_gmt":"2025-01-07T21:09:26","guid":{"rendered":"https:\/\/lopix.pl\/lopix\/?page_id=15"},"modified":"2026-03-30T20:11:06","modified_gmt":"2026-03-30T18:11:06","slug":"strona-glowna","status":"publish","type":"page","link":"https:\/\/lopix.pl\/lopix\/","title":{"rendered":"Strona g\u0142\u00f3wna"},"content":{"rendered":"\n<div class=\"wp-block-cover alignfull\" style=\"min-height:800px;aspect-ratio:unset;\"><img decoding=\"async\" class=\"wp-block-cover__image-background\" alt=\"\" src=\"https:\/\/lopix.pl\/lopix\/wp-content\/themes\/neve\/assets\/img\/starter-content\/neve-hero-2.png\" style=\"object-position:50% 72%\" data-object-fit=\"cover\" data-object-position=\"50% 72%\"\/><span aria-hidden=\"true\" class=\"wp-block-cover__background has-background-dim-0 has-background-dim\"><\/span><div class=\"wp-block-cover__inner-container is-layout-flow wp-block-cover-is-layout-flow\">\n<div class=\"wp-block-columns are-vertically-aligned-center is-layout-flex wp-container-core-columns-is-layout-9d6595d7 wp-block-columns-is-layout-flex\">\n<div class=\"wp-block-column is-vertically-aligned-center is-layout-flow wp-block-column-is-layout-flow\" style=\"padding-right:var(--wp--preset--spacing--20);padding-left:var(--wp--preset--spacing--20);flex-basis:65%\">\n<div style=\"height:80px\" aria-hidden=\"true\" class=\"wp-block-spacer\"><\/div>\n\n\n\n<h2 class=\"wp-block-heading has-text-align-left has-nv-text-dark-bg-color has-text-color\">LoPix Szkolenia<br>tel.:\u00a0739\u00a0150\u00a0675, 785 518 211 szkolenia@lopix.pl<\/h2>\n\n\n\n<p class=\"has-text-align-left has-nv-text-dark-bg-color has-text-color\" style=\"font-size:17px\">Jeste\u015bmy pr\u0119\u017cnie i dynamicznie rozwijaj\u0105c\u0105 si\u0119 firm\u0105.<\/p>\n\n\n\n<p>Kursy i szkolenia prowadzimy dla firm, instytucji oraz os\u00f3b prywatnych.<\/p>\n\n\n\n<p>Zaj\u0119cia realizujemy:<\/p>\n\n\n\n<ul class=\"wp-block-list\">\n<li>stacjonarnie,<\/li>\n\n\n\n<li>online,<\/li>\n\n\n\n<li>e-lerning.<\/li>\n<\/ul>\n\n\n\n<p class=\"has-text-align-left has-nv-text-dark-bg-color has-text-color\" style=\"font-size:17px\">Szkolenia BHP oraz obs\u0142uga BHP dla firm. Zadowolenie i spe\u0142nienie oczekiwa\u0144 naszych klient\u00f3w jest dla nas najwa\u017cniejsze<\/p>\n\n\n\n<div class=\"wp-block-buttons alignwide is-horizontal is-content-justification-center is-layout-flex wp-container-core-buttons-is-layout-499968f5 wp-block-buttons-is-layout-flex\">\n<div class=\"wp-block-button is-style-primary\"><a class=\"wp-block-button__link has-text-color has-background has-link-color wp-element-button\" href=\"https:\/\/lopix.pl\/lopix\/index.php\/contact\/\" style=\"color:#0a2279;background-color:#ffffff\">Kontakt<\/a><\/div>\n\n\n\n<div class=\"wp-block-button is-style-secondary\"><a class=\"wp-block-button__link has-nv-text-dark-bg-color has-text-color has-link-color wp-element-button\" href=\"https:\/\/www.google.com\/search?sca_esv=4b6756fe69c99ed1&amp;q=opinie+lopix+mariusz+wi%C5%9Bniewski&amp;si=AL3DRZEsmMGCryMMFSHJ3StBhOdZ2-6yYkXd_doETEE1OR-qOZNUA0h_cDFGuXetTOwX6xHRBwZgrPuUwN_-l4dV1w2mIj1PnGawNVOR6gYrD07-7wbo3Mg%3D&amp;uds=ALYpb_kc6hXNYSz3SCrx-64Fr5gApfFZ2UxzGkUkl8NsvYazN2Kwm8qYGlbOPrp1W5NhDlwo2j_Sgl3XgCF9HCecvX32UISeiO8LUUdUX5K3xvym-o4HC9SP4N3PNC7ehsl_g_itVoEw&amp;sa=X&amp;ved=2ahUKEwjZvq-hh8STAxVnKhAIHUu8KXYQ3PALegQIORAF&amp;biw=1869&amp;bih=955\" target=\"_blank\" rel=\"noreferrer noopener\">Opinie o Nas<\/a><\/div>\n<\/div>\n\n\n\n<div style=\"height:100px\" aria-hidden=\"true\" class=\"wp-block-spacer\"><\/div>\n<\/div>\n\n\n\n<div class=\"wp-block-column is-vertically-aligned-center is-layout-flow wp-block-column-is-layout-flow\">\n<figure class=\"wp-block-image size-full\"><img decoding=\"async\" src=\"https:\/\/lopix.pl\/lopix\/wp-content\/themes\/neve\/assets\/img\/starter-content\/person-hero-2.png\" alt=\"\"\/><\/figure>\n<\/div>\n<\/div>\n<\/div><\/div>\n\n\n\n<div style=\"height:40px\" aria-hidden=\"true\" class=\"wp-block-spacer\"><\/div>\n\n\n\n<div class=\"wp-block-columns is-layout-flex wp-container-core-columns-is-layout-9d6595d7 wp-block-columns-is-layout-flex\">\n<div class=\"wp-block-column is-layout-flow wp-block-column-is-layout-flow\" style=\"padding-right:var(--wp--preset--spacing--30);padding-left:var(--wp--preset--spacing--30)\">\n<div style=\"height:16px\" aria-hidden=\"true\" class=\"wp-block-spacer\"><\/div>\n\n\n\n<h3 class=\"wp-block-heading has-text-align-center has-neve-text-color-color has-text-color\"><\/h3>\n\n\n\n<div style=\"height:20px\" aria-hidden=\"true\" class=\"wp-block-spacer\"><\/div>\n<\/div>\n<\/div>\n\n\n\n<div class=\"wp-block-cover alignfull\" style=\"min-height:600px;aspect-ratio:unset;\"><span aria-hidden=\"true\" class=\"wp-block-cover__background has-nv-light-bg-background-color has-background-dim-80 has-background-dim\"><\/span><div class=\"wp-block-cover__inner-container is-layout-flow wp-block-cover-is-layout-flow\">\n<div class=\"wp-block-cover alignfull has-nv-text-dark-bg-color has-text-color has-link-color wp-elements-efcf1d5e20ed74ca40efc73d1db002eb wp-duotone-dark-grayscale\" style=\"min-height:420px;aspect-ratio:unset;\"><span aria-hidden=\"true\" class=\"wp-block-cover__background has-nv-dark-bg-background-color has-background-dim-100 has-background-dim\"><\/span><div class=\"wp-block-cover__inner-container is-layout-flow wp-block-cover-is-layout-flow\">\n<div class=\"wp-block-columns is-layout-flex wp-container-core-columns-is-layout-9d6595d7 wp-block-columns-is-layout-flex\">\n<div class=\"wp-block-column ticss-4ce656f1 is-layout-flow wp-block-column-is-layout-flow\">\n<div style=\"height:24px\" aria-hidden=\"true\" class=\"wp-block-spacer\"><\/div>\n\n\n\n<div style=\"height:20px\" aria-hidden=\"true\" class=\"wp-block-spacer\"><\/div>\n\n\n\n<p class=\"has-text-align-center has-nv-text-dark-bg-color has-text-color has-link-color wp-elements-ba5a4ff85493fe51bb202bca9ab61ee1\"><strong>12<\/strong>9<br><em>Przeprowadzonych <br>szkole\u0144<\/em><\/p>\n<\/div>\n\n\n\n<div class=\"wp-block-column ticss-f6fc7494 is-layout-flow wp-block-column-is-layout-flow\">\n<div style=\"height:24px\" aria-hidden=\"true\" class=\"wp-block-spacer\"><\/div>\n\n\n\n<div style=\"height:20px\" aria-hidden=\"true\" class=\"wp-block-spacer\"><\/div>\n\n\n\n<p class=\"has-text-align-center has-nv-text-dark-bg-color has-text-color\"><strong><kbd><strong>1<\/strong><\/kbd><\/strong>455<br><em>Przeszkolonych<br>os\u00f3b<\/em><br><\/p>\n<\/div>\n\n\n\n<div class=\"wp-block-column ticss-a5b4df29 is-layout-flow wp-block-column-is-layout-flow\">\n<div style=\"height:24px\" aria-hidden=\"true\" class=\"wp-block-spacer\"><\/div>\n\n\n\n<div style=\"height:20px\" aria-hidden=\"true\" class=\"wp-block-spacer\"><\/div>\n\n\n\n<p class=\"has-text-align-center has-nv-text-dark-bg-color has-text-color\"><a href=\"https:\/\/g.page\/r\/CVtLZqMdRngqEBM\/review\" target=\"_blank\" rel=\"noreferrer noopener\">Oce\u0144 Nas<\/a><\/p>\n<\/div>\n<\/div>\n\n\n\n<div style=\"height:0px\" aria-hidden=\"true\" class=\"wp-block-spacer\"><\/div>\n<\/div><\/div>\n<\/div><\/div>\n\n\n\n<div class=\"wp-block-cover alignfull\" style=\"min-height:600px;aspect-ratio:unset;\"><span aria-hidden=\"true\" class=\"wp-block-cover__background has-nv-site-bg-background-color has-background-dim-100 has-background-dim\"><\/span><div class=\"wp-block-cover__inner-container is-layout-flow wp-block-cover-is-layout-flow\">\n<div class=\"wp-block-group\"><div class=\"wp-block-group__inner-container is-layout-flow wp-block-group-is-layout-flow\">\n<div class=\"wp-block-columns are-vertically-aligned-center is-layout-flex wp-container-core-columns-is-layout-9d6595d7 wp-block-columns-is-layout-flex\">\n<div class=\"wp-block-column is-vertically-aligned-center is-layout-flow wp-block-column-is-layout-flow\" style=\"padding-right:var(--wp--preset--spacing--30);padding-left:var(--wp--preset--spacing--30);flex-basis:50%\">\n<figure class=\"wp-block-gallery has-nested-images columns-default is-cropped wp-block-gallery-1 is-layout-flex wp-block-gallery-is-layout-flex\">\n<figure class=\"wp-block-image size-full has-custom-border is-style-default\"><img fetchpriority=\"high\" decoding=\"async\" width=\"2560\" height=\"1809\" data-id=\"160\" src=\"https:\/\/lopix.pl\/lopix\/wp-content\/uploads\/2026\/03\/Szkolenie-i-Kursy-senior-businessman-giving-presentation-colleagues-office-scaled.jpg\" alt=\"\" class=\"wp-image-160\" style=\"border-radius:16px\" srcset=\"https:\/\/lopix.pl\/lopix\/wp-content\/uploads\/2026\/03\/Szkolenie-i-Kursy-senior-businessman-giving-presentation-colleagues-office-scaled.jpg 2560w, https:\/\/lopix.pl\/lopix\/wp-content\/uploads\/2026\/03\/Szkolenie-i-Kursy-senior-businessman-giving-presentation-colleagues-office-300x212.jpg 300w, https:\/\/lopix.pl\/lopix\/wp-content\/uploads\/2026\/03\/Szkolenie-i-Kursy-senior-businessman-giving-presentation-colleagues-office-1024x723.jpg 1024w, https:\/\/lopix.pl\/lopix\/wp-content\/uploads\/2026\/03\/Szkolenie-i-Kursy-senior-businessman-giving-presentation-colleagues-office-768x543.jpg 768w, https:\/\/lopix.pl\/lopix\/wp-content\/uploads\/2026\/03\/Szkolenie-i-Kursy-senior-businessman-giving-presentation-colleagues-office-1536x1085.jpg 1536w, https:\/\/lopix.pl\/lopix\/wp-content\/uploads\/2026\/03\/Szkolenie-i-Kursy-senior-businessman-giving-presentation-colleagues-office-2048x1447.jpg 2048w\" sizes=\"(max-width: 2560px) 100vw, 2560px\" \/><\/figure>\n<\/figure>\n<\/div>\n\n\n\n<div class=\"wp-block-column is-vertically-aligned-center is-layout-flow wp-block-column-is-layout-flow\" style=\"padding-right:var(--wp--preset--spacing--30);padding-left:var(--wp--preset--spacing--30);flex-basis:50%\">\n<div style=\"height:20px\" aria-hidden=\"true\" class=\"wp-block-spacer\"><\/div>\n\n\n\n<h4 class=\"wp-block-heading has-text-align-center has-neve-text-color-color has-text-color\"><strong>Kursy i szkolenia<\/strong><\/h4>\n\n\n\n<p class=\"has-text-align-left has-neve-text-color-color has-text-color\" style=\"font-size:17px\">prowadzimy dla firm, instytucji oraz os\u00f3b prywatnych.<br>Zaj\u0119cia realizujemy:<\/p>\n\n\n\n<ul class=\"wp-block-list\">\n<li>stacjonarnie,<\/li>\n\n\n\n<li>online,<\/li>\n\n\n\n<li>e-lerning.<\/li>\n<\/ul>\n\n\n\n<p>Dzi\u0119ki do\u015bwiadczonym wyk\u0142adowcom \u015bwiadczymy us\u0142ugi na najwy\u017cszym poziomie.<br>Zadowolenie i spe\u0142nienie oczekiwa\u0144 Naszych klient\u00f3w jest dla Nas najwa\u017cniejsze.<\/p>\n\n\n\n<p class=\"has-text-align-left has-neve-text-color-color has-text-color\" style=\"font-size:17px\">Kontakt tel.: <strong>739 150 675<\/strong> &nbsp;&nbsp;&nbsp;&nbsp;&nbsp;&nbsp;&nbsp; <br>e-mail: <strong>szkolenia@lopix.pl<\/strong><\/p>\n<\/div>\n<\/div>\n\n\n\n<div class=\"wp-block-columns are-vertically-aligned-center is-layout-flex wp-container-core-columns-is-layout-9d6595d7 wp-block-columns-is-layout-flex\">\n<div class=\"wp-block-column is-vertically-aligned-center is-layout-flow wp-block-column-is-layout-flow\" style=\"padding-right:var(--wp--preset--spacing--30);padding-left:var(--wp--preset--spacing--30);flex-basis:50%\">\n<div style=\"height:20px\" aria-hidden=\"true\" class=\"wp-block-spacer\"><\/div>\n\n\n\n<h4 class=\"wp-block-heading has-text-align-center has-neve-text-color-color has-text-color\"><strong>Obs\u0142uga BHP (outsourcing)<\/strong><\/h4>\n\n\n\n<p class=\"has-text-align-left has-neve-text-color-color has-text-color\" style=\"font-size:17px\">Jest to spos\u00f3b na powierzenie zada\u0144 s\u0142u\u017cby BHP wyspecjalizowanej firmie.<\/p>\n\n\n\n<p>Dbanie i zapewnienie bezpiecze\u0144stwa i higieny pracy w przedsi\u0119biorstwie to obowi\u0105zek prawny. Jest to kluczowy element dbania o zdrowie, komfort pracownik\u00f3w, jak r\u00f3wnie\u017c ergonomi\u0119 stanowiska pracy.<\/p>\n\n\n\n<p class=\"has-text-align-left has-neve-text-color-color has-text-color\" style=\"font-size:17px\">Kontakt tel.: <strong>739 149 288<\/strong><br>e-mail:<strong> bhp@lopix.pl<\/strong><\/p>\n\n\n\n<div class=\"wp-block-buttons has-custom-font-size has-small-font-size is-content-justification-left is-layout-flex wp-container-core-buttons-is-layout-fdcfc74e wp-block-buttons-is-layout-flex\"><\/div>\n<\/div>\n\n\n\n<div class=\"wp-block-column is-vertically-aligned-center is-layout-flow wp-block-column-is-layout-flow\" style=\"padding-right:var(--wp--preset--spacing--30);padding-left:var(--wp--preset--spacing--30);flex-basis:50%\">\n<figure class=\"wp-block-image size-full has-custom-border is-style-default\"><img decoding=\"async\" width=\"2560\" height=\"1440\" src=\"https:\/\/lopix.pl\/lopix\/wp-content\/uploads\/2026\/03\/BHP-computer-display-solar-panels-manufacturing-plant-used-study-solar-energy-systems-pc-screen-scaled.jpg\" alt=\"\" class=\"wp-image-153\" style=\"border-radius:16px\" srcset=\"https:\/\/lopix.pl\/lopix\/wp-content\/uploads\/2026\/03\/BHP-computer-display-solar-panels-manufacturing-plant-used-study-solar-energy-systems-pc-screen-scaled.jpg 2560w, https:\/\/lopix.pl\/lopix\/wp-content\/uploads\/2026\/03\/BHP-computer-display-solar-panels-manufacturing-plant-used-study-solar-energy-systems-pc-screen-300x169.jpg 300w, https:\/\/lopix.pl\/lopix\/wp-content\/uploads\/2026\/03\/BHP-computer-display-solar-panels-manufacturing-plant-used-study-solar-energy-systems-pc-screen-1024x576.jpg 1024w, https:\/\/lopix.pl\/lopix\/wp-content\/uploads\/2026\/03\/BHP-computer-display-solar-panels-manufacturing-plant-used-study-solar-energy-systems-pc-screen-768x432.jpg 768w, https:\/\/lopix.pl\/lopix\/wp-content\/uploads\/2026\/03\/BHP-computer-display-solar-panels-manufacturing-plant-used-study-solar-energy-systems-pc-screen-1536x864.jpg 1536w, https:\/\/lopix.pl\/lopix\/wp-content\/uploads\/2026\/03\/BHP-computer-display-solar-panels-manufacturing-plant-used-study-solar-energy-systems-pc-screen-2048x1152.jpg 2048w\" sizes=\"(max-width: 2560px) 100vw, 2560px\" \/><\/figure>\n<\/div>\n<\/div>\n\n\n\n<div style=\"height:40px\" aria-hidden=\"true\" class=\"wp-block-spacer\"><\/div>\n<\/div><\/div>\n<\/div><\/div>\n\n\n\n<div class=\"wp-block-cover alignfull\" style=\"min-height:300px;aspect-ratio:unset;\"><span aria-hidden=\"true\" class=\"wp-block-cover__background has-neve-link-color-background-color has-background-dim-100 has-background-dim\"><\/span><div class=\"wp-block-cover__inner-container is-layout-flow wp-block-cover-is-layout-flow\">\n<div style=\"height:140px\" aria-hidden=\"true\" class=\"wp-block-spacer\"><\/div>\n\n\n\n<div class=\"wp-block-columns is-layout-flex wp-container-core-columns-is-layout-9d6595d7 wp-block-columns-is-layout-flex\">\n<div class=\"wp-block-column is-layout-flow wp-block-column-is-layout-flow\" style=\"flex-basis:20%\"><\/div>\n\n\n\n<div class=\"wp-block-column is-layout-flow wp-block-column-is-layout-flow\" style=\"flex-basis:60%\">\n<div class=\"wp-block-group\"><div class=\"wp-block-group__inner-container is-layout-constrained wp-block-group-is-layout-constrained\">\n<h5 class=\"wp-block-heading alignfull has-text-align-center has-nv-text-dark-bg-color has-text-color\">Nasi Klienci s\u0105 dla Nas najwa\u017cniejsi i stawiamy Ich na pierwszym miejscu!<br><br>Dla nas to nie puste s\u0142owa.<br><br>Wa\u017cna jest satysfakcja i zadowolenie Klienta.<br><br>Istotnym elementem jest komunikacja, by spe\u0142ni\u0107 oczekiwania Klienta i efekt ko\u0144cowy zosta\u0142 zrealizowany.<\/h5>\n\n\n\n<p class=\"has-text-align-center has-nv-text-dark-bg-color has-text-color has-link-color wp-elements-a9eb1a80c8a131efd28ce1b43cb234fd\"><\/p>\n\n\n\n<div class=\"wp-block-buttons is-horizontal is-content-justification-center is-layout-flex wp-container-core-buttons-is-layout-499968f5 wp-block-buttons-is-layout-flex\">\n<div class=\"wp-block-button is-style-primary\"><a class=\"wp-block-button__link has-neve-link-color-color has-text-color has-background has-link-color wp-element-button\" href=\"https:\/\/lopix.pl\/lopix\/index.php\/contact\/\" style=\"background-color:#ffffff\"><strong>Kontakt<\/strong><\/a><\/div>\n<\/div>\n<\/div><\/div>\n<\/div>\n\n\n\n<div class=\"wp-block-column is-layout-flow wp-block-column-is-layout-flow\" style=\"flex-basis:20%\"><\/div>\n<\/div>\n\n\n\n<div style=\"height:140px\" aria-hidden=\"true\" class=\"wp-block-spacer\"><\/div>\n<\/div><\/div>\n","protected":false},"excerpt":{"rendered":"","protected":false},"author":1,"featured_media":0,"parent":0,"menu_order":100,"comment_status":"closed","ping_status":"closed","template":"","meta":{"neve_meta_sidebar":"","neve_meta_container":"","neve_meta_enable_content_width":"on","neve_meta_content_width":100,"neve_meta_title_alignment":"","neve_meta_author_avatar":"","neve_post_elements_order":"","neve_meta_disable_header":"","neve_meta_disable_footer":"","neve_meta_disable_title":"on","footnotes":""},"class_list":["post-15","page","type-page","status-publish","hentry"],"_links":{"self":[{"href":"https:\/\/lopix.pl\/lopix\/index.php\/wp-json\/wp\/v2\/pages\/15","targetHints":{"allow":["GET"]}}],"collection":[{"href":"https:\/\/lopix.pl\/lopix\/index.php\/wp-json\/wp\/v2\/pages"}],"about":[{"href":"https:\/\/lopix.pl\/lopix\/index.php\/wp-json\/wp\/v2\/types\/page"}],"author":[{"embeddable":true,"href":"https:\/\/lopix.pl\/lopix\/index.php\/wp-json\/wp\/v2\/users\/1"}],"replies":[{"embeddable":true,"href":"https:\/\/lopix.pl\/lopix\/index.php\/wp-json\/wp\/v2\/comments?post=15"}],"version-history":[{"count":44,"href":"https:\/\/lopix.pl\/lopix\/index.php\/wp-json\/wp\/v2\/pages\/15\/revisions"}],"predecessor-version":[{"id":606,"href":"https:\/\/lopix.pl\/lopix\/index.php\/wp-json\/wp\/v2\/pages\/15\/revisions\/606"}],"wp:attachment":[{"href":"https:\/\/lopix.pl\/lopix\/index.php\/wp-json\/wp\/v2\/media?parent=15"}],"curies":[{"name":"wp","href":"https:\/\/api.w.org\/{rel}","templated":true}]}}