{"id":44,"date":"2025-01-07T22:22:24","date_gmt":"2025-01-07T21:22:24","guid":{"rendered":"https:\/\/lopix.pl\/lopix\/?page_id=44"},"modified":"2026-03-29T21:33:22","modified_gmt":"2026-03-29T19:33:22","slug":"aktualnosci","status":"publish","type":"page","link":"https:\/\/lopix.pl\/lopix\/index.php\/aktualnosci\/","title":{"rendered":"Aktualno\u015bci"},"content":{"rendered":"\t\t<div data-elementor-type=\"wp-page\" data-elementor-id=\"44\" class=\"elementor elementor-44\">\n\t\t\t\t<div class=\"elementor-element elementor-element-795c67d e-flex e-con-boxed e-con e-parent\" data-id=\"795c67d\" data-element_type=\"container\" data-e-type=\"container\">\n\t\t\t\t\t<div class=\"e-con-inner\">\n\t\t\t\t<div class=\"elementor-element elementor-element-66406f6 elementor-widget__width-initial e-transform e-transform elementor-invisible elementor-widget elementor-widget-text-editor\" data-id=\"66406f6\" data-element_type=\"widget\" data-e-type=\"widget\" data-settings=\"{&quot;_animation&quot;:&quot;lightSpeedIn&quot;,&quot;_transform_scale_effect_hover&quot;:{&quot;unit&quot;:&quot;px&quot;,&quot;size&quot;:1.3,&quot;sizes&quot;:[]},&quot;_transform_rotateZ_effect&quot;:{&quot;unit&quot;:&quot;px&quot;,&quot;size&quot;:&quot;&quot;,&quot;sizes&quot;:[]},&quot;_transform_rotateZ_effect_tablet&quot;:{&quot;unit&quot;:&quot;deg&quot;,&quot;size&quot;:&quot;&quot;,&quot;sizes&quot;:[]},&quot;_transform_rotateZ_effect_mobile&quot;:{&quot;unit&quot;:&quot;deg&quot;,&quot;size&quot;:&quot;&quot;,&quot;sizes&quot;:[]},&quot;_transform_scale_effect_hover_tablet&quot;:{&quot;unit&quot;:&quot;px&quot;,&quot;size&quot;:&quot;&quot;,&quot;sizes&quot;:[]},&quot;_transform_scale_effect_hover_mobile&quot;:{&quot;unit&quot;:&quot;px&quot;,&quot;size&quot;:&quot;&quot;,&quot;sizes&quot;:[]}}\" data-widget_type=\"text-editor.default\">\n\t\t\t\t\t\t\t\t\t<h3><strong>Ju\u017c wkr\u00f3tce na tej stronie zamie\u015bcimy informacje:<\/strong><\/h3><ul><li>o aktualnej ofercie,<\/li><li>terminach kurs\u00f3w i szkole\u0144,<\/li><li>o naszych profilach spo\u0142eczno\u015bciowych,<\/li><li>o zmianach prawnych,<\/li><li>o\u2026\u2026. \u2013 czas poka\u017ce co jeszcze.<\/li><\/ul>\t\t\t\t\t\t\t\t<\/div>\n\t\t\t\t\t<\/div>\n\t\t\t\t<\/div>\n\t\t\t\t<\/div>\n\t\t","protected":false},"excerpt":{"rendered":"<p>Ju\u017c wkr\u00f3tce na tej stronie zamie\u015bcimy informacje: o aktualnej ofercie, terminach kurs\u00f3w i szkole\u0144, o naszych profilach spo\u0142eczno\u015bciowych, o zmianach prawnych, o\u2026\u2026. \u2013 czas poka\u017ce co jeszcze.<\/p>\n","protected":false},"author":1,"featured_media":0,"parent":0,"menu_order":200,"comment_status":"closed","ping_status":"closed","template":"elementor_theme","meta":{"neve_meta_sidebar":"","neve_meta_container":"","neve_meta_enable_content_width":"","neve_meta_content_width":0,"neve_meta_title_alignment":"","neve_meta_author_avatar":"","neve_post_elements_order":"","neve_meta_disable_header":"","neve_meta_disable_footer":"","neve_meta_disable_title":"","footnotes":""},"class_list":["post-44","page","type-page","status-publish","hentry"],"_links":{"self":[{"href":"https:\/\/lopix.pl\/lopix\/index.php\/wp-json\/wp\/v2\/pages\/44","targetHints":{"allow":["GET"]}}],"collection":[{"href":"https:\/\/lopix.pl\/lopix\/index.php\/wp-json\/wp\/v2\/pages"}],"about":[{"href":"https:\/\/lopix.pl\/lopix\/index.php\/wp-json\/wp\/v2\/types\/page"}],"author":[{"embeddable":true,"href":"https:\/\/lopix.pl\/lopix\/index.php\/wp-json\/wp\/v2\/users\/1"}],"replies":[{"embeddable":true,"href":"https:\/\/lopix.pl\/lopix\/index.php\/wp-json\/wp\/v2\/comments?post=44"}],"version-history":[{"count":74,"href":"https:\/\/lopix.pl\/lopix\/index.php\/wp-json\/wp\/v2\/pages\/44\/revisions"}],"predecessor-version":[{"id":603,"href":"https:\/\/lopix.pl\/lopix\/index.php\/wp-json\/wp\/v2\/pages\/44\/revisions\/603"}],"wp:attachment":[{"href":"https:\/\/lopix.pl\/lopix\/index.php\/wp-json\/wp\/v2\/media?parent=44"}],"curies":[{"name":"wp","href":"https:\/\/api.w.org\/{rel}","templated":true}]}}