{"id":615,"date":"2026-03-30T23:24:51","date_gmt":"2026-03-30T21:24:51","guid":{"rendered":"https:\/\/lopix.pl\/lopix\/?page_id=615"},"modified":"2026-04-01T22:04:06","modified_gmt":"2026-04-01T20:04:06","slug":"szkolenie-bhp","status":"publish","type":"page","link":"https:\/\/lopix.pl\/lopix\/index.php\/szkolenie-bhp\/","title":{"rendered":"Szkolenie BHP"},"content":{"rendered":"\t\t<div data-elementor-type=\"wp-page\" data-elementor-id=\"615\" class=\"elementor elementor-615\">\n\t\t\t\t<div class=\"elementor-element elementor-element-a9c2ace e-flex e-con-boxed e-con e-parent\" data-id=\"a9c2ace\" data-element_type=\"container\" data-e-type=\"container\">\n\t\t\t\t\t<div class=\"e-con-inner\">\n\t\t\t\t<div class=\"elementor-element elementor-element-0f7a35e elementor-widget elementor-widget-heading\" data-id=\"0f7a35e\" data-element_type=\"widget\" data-e-type=\"widget\" data-widget_type=\"heading.default\">\n\t\t\t\t\t<h1 class=\"elementor-heading-title elementor-size-default\">Szkolenie BHP<\/h1>\t\t\t\t<\/div>\n\t\t\t\t<div class=\"elementor-element elementor-element-3cabb64 elementor-widget elementor-widget-text-editor\" data-id=\"3cabb64\" data-element_type=\"widget\" data-e-type=\"widget\" data-widget_type=\"text-editor.default\">\n\t\t\t\t\t\t\t\t\t<h2><span style=\"text-decoration: underline;\"><strong>Szkolenie wst\u0119pne BHP<\/strong><\/span><\/h2><p>Nowy pracownik zanim zostanie dopuszczony przez pracodawc\u0119 do wykonywania pracy musi przej\u015b\u0107 szkolenie wst\u0119pne BHP \u2013 instrukta\u017c og\u00f3lny oraz stanowiskowy.<\/p><p><strong>Instrukta\u017c og\u00f3lny<\/strong> ma zaznajomi\u0107 z podstawowymi przepisami bezpiecze\u0144stwa i higieny pracy zawartych w:<\/p><ul><li>Kodeksie pracy i uk\u0142adach zbiorowych pracy,<\/li><li>regulaminach pracy,<\/li><li>przepisach oraz zasadach bezpiecze\u0144stwa i higieny pracy obowi\u0105zuj\u0105cych w zak\u0142adzie pracy,<\/li><li>zasadach udzielania pierwszej pomocy w razie wypadku.<\/li><\/ul><p><strong>Instrukta\u017c og\u00f3lny dotyczy:<\/strong><\/p><ul><li>nowo zatrudnianych pracownik\u00f3w,<\/li><li>student\u00f3w odbywaj\u0105cych praktyk\u0119,<\/li><li>uczni\u00f3w odbywaj\u0105cych praktyczn\u0105 nauk\u0119 zawodu.<\/li><\/ul><p><strong>Instrukta\u017c stanowiskowy<\/strong> ma zapewni\u0107 zaznajomienie pracownik\u00f3w z:<\/p><ul><li>czynnikami \u015brodowiska pracy (niebezpiecznymi, szkodliwymi, uci\u0105\u017cliwymi i psychospo\u0142ecznymi),<\/li><li>ryzykiem zawodowym,<\/li><li>sposobami ochrony przed zagro\u017ceniami,<\/li><li>metodami bezpiecznego wykonywania pracy.<\/li><\/ul><h3>\u00a0<\/h3><h2><span style=\"text-decoration: underline;\">Szkolenia okresowe BHP<\/span><\/h2><p>Szkolenie to ma aktualizowa\u0107 i ugruntowa\u0107 wiedz\u0119 jak r\u00f3wnie\u017c umiej\u0119tno\u015bci dotycz\u0105ce BHP, a tak\u017ce zaznajomi\u0107 z nowymi rozwi\u0105zaniami techniczno-organizacyjnymi z tej dziedziny.<\/p><p><strong>Szkolenie okresowe odbywaj\u0105:<\/strong><\/p><ul><li>pracodawcy, kierownicy, mistrzowie i brygadzi\u015bci,<\/li><li>pracownicy na stanowiskach robotniczych,<\/li><li>pracownicy na stanowiskach in\u017cynieryjno-technicznych,<\/li><li>pracownicy s\u0142u\u017cby BHP,<\/li><li>pracownicy na stanowiskach administracyjno-biurowych.<\/li><\/ul><p><strong>Szkolenie okresowe nale\u017cy przeprowadzi\u0107:<\/strong><\/p><ul><li>co najmniej raz w roku \u2013 dla pracownik\u00f3w zatrudnionych na stanowiskach, na kt\u00f3rych wykonywane s\u0105 prace szczeg\u00f3lnie niebezpieczne<\/li><li>raz na 3 lata \u2013 dla pracownik\u00f3w zatrudnionych na stanowiskach robotniczych<\/li><li>raz na 5 lat \u2013 dla pracodawc\u00f3w oraz innych os\u00f3b kieruj\u0105cych pracownikami, w szczeg\u00f3lno\u015bci kierownik\u00f3w, mistrz\u00f3w i brygadzist\u00f3w; pracownik\u00f3w na stanowiskach in\u017cynieryjno-technicznych, w tym projektant\u00f3w, konstruktor\u00f3w maszyn i innych urz\u0105dze\u0144 technicznych, technolog\u00f3w i organizator\u00f3w produkcji; pracownik\u00f3w s\u0142u\u017cby BHP i innych os\u00f3b wykonuj\u0105cych zadania tej s\u0142u\u017cby; pracownik\u00f3w, kt\u00f3rych charakter pracy wi\u0105\u017ce si\u0119 z nara\u017ceniem na czynniki szkodliwe dla zdrowia, uci\u0105\u017cliwe lub niebezpieczne oraz pracownik\u00f3w, kt\u00f3rych praca wi\u0105\u017ce si\u0119 z odpowiedzialno\u015bci\u0105 w zakresie BHP<\/li><li>raz na 6 lat \u2013 dla pracownik\u00f3w na stanowiskach administracyjno-biurowych.<\/li><\/ul><p><em>\u00a0 \u00a0 \u00a0 \u00a0 \u00a0 \u00a0 \u00a0 \u00a0 \u00a0 \u00a0 \u00a0 \u00a0 \u00a0 \u00a0 \u00a0 \u00a0 \u00a0 \u00a0 \u00a0 \u00a0 \u00a0 \u00a0 \u00a0 \u00a0 \u00a0 \u00a0 \u00a0 \u00a0 \u00a0 \u00a0 \u00a0 \u00a0 \u00a0 \u00a0 \u00a0 \u00a0 \u00a0 \u00a0 \u00a0 \u00a0 \u00a0 \u00a0 \u00a0 \u00a0 \u00a0 \u00a0 \u00a0 \u00a0 \u00a0 \u00a0 \u00a0 \u00a0 \u00a0 \u00a0 \u00a0 \u00a0 \u00a0 \u00a0 \u00a0 \u00a0 \u00a0 \u00a0 \u00a0 \u00a0 \u00a0 \u00a0 \u00a0 \u00a0 \u00a0 \u00a0 \u00a0 \u00a0 \u00a0 \u00a0 \u00a0 \u00a0 \u00a0\u0179r\u00f3d\u0142o: https:\/\/www.biznes.gov.pl\/pl\/portal\/00184#2<\/em><\/p>\t\t\t\t\t\t\t\t<\/div>\n\t\t\t\t\t<\/div>\n\t\t\t\t<\/div>\n\t\t<div class=\"elementor-element elementor-element-5e0e03d e-flex e-con-boxed e-con e-parent\" data-id=\"5e0e03d\" data-element_type=\"container\" data-e-type=\"container\">\n\t\t\t\t\t<div class=\"e-con-inner\">\n\t\t\t\t<div class=\"elementor-element elementor-element-2fe34c3 elementor-widget elementor-widget-button\" data-id=\"2fe34c3\" data-element_type=\"widget\" data-e-type=\"widget\" data-widget_type=\"button.default\">\n\t\t\t\t\t\t\t\t\t\t<a class=\"elementor-button elementor-button-link elementor-size-sm\" href=\"https:\/\/lopix.pl\/lopix\/index.php\/kursy-i-szkolenia\/\">\n\t\t\t\t\t\t<span class=\"elementor-button-content-wrapper\">\n\t\t\t\t\t\t<span class=\"elementor-button-icon\">\n\t\t\t\t<svg aria-hidden=\"true\" class=\"e-font-icon-svg e-far-arrow-alt-circle-left\" viewBox=\"0 0 512 512\" xmlns=\"http:\/\/www.w3.org\/2000\/svg\"><path d=\"M8 256c0 137 111 248 248 248s248-111 248-248S393 8 256 8 8 119 8 256zm448 0c0 110.5-89.5 200-200 200S56 366.5 56 256 145.5 56 256 56s200 89.5 200 200zm-72-20v40c0 6.6-5.4 12-12 12H256v67c0 10.7-12.9 16-20.5 8.5l-99-99c-4.7-4.7-4.7-12.3 0-17l99-99c7.6-7.6 20.5-2.2 20.5 8.5v67h116c6.6 0 12 5.4 12 12z\"><\/path><\/svg>\t\t\t<\/span>\n\t\t\t\t\t\t\t\t\t<span class=\"elementor-button-text\">Kursy i szkolenia<\/span>\n\t\t\t\t\t<\/span>\n\t\t\t\t\t<\/a>\n\t\t\t\t\t\t\t\t<\/div>\n\t\t\t\t\t<\/div>\n\t\t\t\t<\/div>\n\t\t<div class=\"elementor-element elementor-element-6173b8d e-flex e-con-boxed e-con e-parent\" data-id=\"6173b8d\" data-element_type=\"container\" data-e-type=\"container\">\n\t\t\t\t\t<div class=\"e-con-inner\">\n\t\t\t\t<div class=\"elementor-element elementor-element-8d046d4 elementor-align-right elementor-widget elementor-widget-button\" data-id=\"8d046d4\" data-element_type=\"widget\" data-e-type=\"widget\" data-widget_type=\"button.default\">\n\t\t\t\t\t\t\t\t\t\t<a class=\"elementor-button elementor-button-link elementor-size-sm\" href=\"tel:%20+48739150675\">\n\t\t\t\t\t\t<span class=\"elementor-button-content-wrapper\">\n\t\t\t\t\t\t<span class=\"elementor-button-icon\">\n\t\t\t\t<svg aria-hidden=\"true\" class=\"e-font-icon-svg e-fas-phone-alt\" viewBox=\"0 0 512 512\" xmlns=\"http:\/\/www.w3.org\/2000\/svg\"><path d=\"M497.39 361.8l-112-48a24 24 0 0 0-28 6.9l-49.6 60.6A370.66 370.66 0 0 1 130.6 204.11l60.6-49.6a23.94 23.94 0 0 0 6.9-28l-48-112A24.16 24.16 0 0 0 122.6.61l-104 24A24 24 0 0 0 0 48c0 256.5 207.9 464 464 464a24 24 0 0 0 23.4-18.6l24-104a24.29 24.29 0 0 0-14.01-27.6z\"><\/path><\/svg>\t\t\t<\/span>\n\t\t\t\t\t\t\t\t\t<span class=\"elementor-button-text\"> 739150675<\/span>\n\t\t\t\t\t<\/span>\n\t\t\t\t\t<\/a>\n\t\t\t\t\t\t\t\t<\/div>\n\t\t\t\t\t<\/div>\n\t\t\t\t<\/div>\n\t\t\t\t<\/div>\n\t\t","protected":false},"excerpt":{"rendered":"<p>Szkolenie BHP Szkolenie wst\u0119pne BHP Nowy pracownik zanim zostanie dopuszczony przez pracodawc\u0119 do wykonywania pracy musi przej\u015b\u0107 szkolenie wst\u0119pne BHP \u2013 instrukta\u017c og\u00f3lny oraz stanowiskowy. Instrukta\u017c og\u00f3lny ma zaznajomi\u0107 z podstawowymi przepisami bezpiecze\u0144stwa i higieny pracy zawartych w: Kodeksie pracy i uk\u0142adach zbiorowych pracy, regulaminach pracy, przepisach oraz zasadach bezpiecze\u0144stwa i higieny pracy obowi\u0105zuj\u0105cych w&hellip;&nbsp;<a href=\"https:\/\/lopix.pl\/lopix\/index.php\/szkolenie-bhp\/\" rel=\"bookmark\">Dowiedz si\u0119 wi\u0119cej &raquo;<span class=\"screen-reader-text\">Szkolenie BHP<\/span><\/a><\/p>\n","protected":false},"author":1,"featured_media":0,"parent":0,"menu_order":305,"comment_status":"closed","ping_status":"closed","template":"page-templates\/template-pagebuilder-full-width.php","meta":{"neve_meta_sidebar":"","neve_meta_container":"","neve_meta_enable_content_width":"","neve_meta_content_width":0,"neve_meta_title_alignment":"","neve_meta_author_avatar":"","neve_post_elements_order":"","neve_meta_disable_header":"","neve_meta_disable_footer":"","neve_meta_disable_title":"","footnotes":""},"class_list":["post-615","page","type-page","status-publish","hentry"],"_links":{"self":[{"href":"https:\/\/lopix.pl\/lopix\/index.php\/wp-json\/wp\/v2\/pages\/615","targetHints":{"allow":["GET"]}}],"collection":[{"href":"https:\/\/lopix.pl\/lopix\/index.php\/wp-json\/wp\/v2\/pages"}],"about":[{"href":"https:\/\/lopix.pl\/lopix\/index.php\/wp-json\/wp\/v2\/types\/page"}],"author":[{"embeddable":true,"href":"https:\/\/lopix.pl\/lopix\/index.php\/wp-json\/wp\/v2\/users\/1"}],"replies":[{"embeddable":true,"href":"https:\/\/lopix.pl\/lopix\/index.php\/wp-json\/wp\/v2\/comments?post=615"}],"version-history":[{"count":85,"href":"https:\/\/lopix.pl\/lopix\/index.php\/wp-json\/wp\/v2\/pages\/615\/revisions"}],"predecessor-version":[{"id":761,"href":"https:\/\/lopix.pl\/lopix\/index.php\/wp-json\/wp\/v2\/pages\/615\/revisions\/761"}],"wp:attachment":[{"href":"https:\/\/lopix.pl\/lopix\/index.php\/wp-json\/wp\/v2\/media?parent=615"}],"curies":[{"name":"wp","href":"https:\/\/api.w.org\/{rel}","templated":true}]}}