{"id":675,"date":"2026-03-31T10:18:59","date_gmt":"2026-03-31T08:18:59","guid":{"rendered":"https:\/\/lopix.pl\/lopix\/?page_id=675"},"modified":"2026-04-01T22:03:57","modified_gmt":"2026-04-01T20:03:57","slug":"pierwsza-pomoc","status":"publish","type":"page","link":"https:\/\/lopix.pl\/lopix\/index.php\/pierwsza-pomoc\/","title":{"rendered":"Pierwsza pomoc"},"content":{"rendered":"\t\t<div data-elementor-type=\"wp-page\" data-elementor-id=\"675\" class=\"elementor elementor-675\">\n\t\t\t\t<div class=\"elementor-element elementor-element-7b77a8c e-flex e-con-boxed e-con e-parent\" data-id=\"7b77a8c\" data-element_type=\"container\" data-e-type=\"container\">\n\t\t\t\t\t<div class=\"e-con-inner\">\n\t\t\t\t<div class=\"elementor-element elementor-element-302477d elementor-widget elementor-widget-heading\" data-id=\"302477d\" data-element_type=\"widget\" data-e-type=\"widget\" data-widget_type=\"heading.default\">\n\t\t\t\t\t<h1 class=\"elementor-heading-title elementor-size-default\">Kurs pierwszej pomocy<\/h1>\t\t\t\t<\/div>\n\t\t\t\t\t<\/div>\n\t\t\t\t<\/div>\n\t\t<div class=\"elementor-element elementor-element-3d0a8c7 e-flex e-con-boxed e-con e-parent\" data-id=\"3d0a8c7\" data-element_type=\"container\" data-e-type=\"container\">\n\t\t\t\t\t<div class=\"e-con-inner\">\n\t\t\t\t<div class=\"elementor-element elementor-element-90c39ad elementor-widget elementor-widget-text-editor\" data-id=\"90c39ad\" data-element_type=\"widget\" data-e-type=\"widget\" data-widget_type=\"text-editor.default\">\n\t\t\t\t\t\t\t\t\t<p><span style=\"text-decoration: underline;\"><strong>Kurs Pierwszej Pomocy (KPP)<\/strong><\/span> przeznaczony jest dla os\u00f3b indywidualnych, firm jak r\u00f3wnie\u017c dla grup zorganizowanych. Szkolenie trwa od 6 do 16 godzin w zale\u017cno\u015bci od potrzeb odbiorc\u00f3w, w grupach licz\u0105cych do 20 os\u00f3b.<\/p><p>Zaj\u0119cia prowadzone s\u0105 g\u0142\u00f3wnie w formie warsztat\u00f3w (konkretnych zada\u0144 ratowniczych) z wykorzystaniem fantom\u00f3w oraz pozorowanych uraz\u00f3w, tj.:<\/p><ul><li>opatrywanie ran, tamowanie krwotok\u00f3w,<\/li><li>unieruchamianie z\u0142ama\u0144 i zwichni\u0119\u0107,<\/li><li>przeprowadzanie resuscytacji kr\u0105\u017ceniowo-oddechowej,<\/li><li>ochrona przed wych\u0142odzeniem,<\/li><li>udzielanie pomocy przedmedycznej,<\/li><li>podstawy prawne.<\/li><\/ul>\t\t\t\t\t\t\t\t<\/div>\n\t\t\t\t<div class=\"elementor-element elementor-element-e4b1047 elementor-widget elementor-widget-button\" data-id=\"e4b1047\" data-element_type=\"widget\" data-e-type=\"widget\" data-widget_type=\"button.default\">\n\t\t\t\t\t\t\t\t\t\t<a class=\"elementor-button elementor-button-link elementor-size-sm\" href=\"https:\/\/lopix.pl\/lopix\/index.php\/kursy-i-szkolenia\/\">\n\t\t\t\t\t\t<span class=\"elementor-button-content-wrapper\">\n\t\t\t\t\t\t<span class=\"elementor-button-icon\">\n\t\t\t\t<svg aria-hidden=\"true\" class=\"e-font-icon-svg e-far-arrow-alt-circle-left\" viewBox=\"0 0 512 512\" xmlns=\"http:\/\/www.w3.org\/2000\/svg\"><path d=\"M8 256c0 137 111 248 248 248s248-111 248-248S393 8 256 8 8 119 8 256zm448 0c0 110.5-89.5 200-200 200S56 366.5 56 256 145.5 56 256 56s200 89.5 200 200zm-72-20v40c0 6.6-5.4 12-12 12H256v67c0 10.7-12.9 16-20.5 8.5l-99-99c-4.7-4.7-4.7-12.3 0-17l99-99c7.6-7.6 20.5-2.2 20.5 8.5v67h116c6.6 0 12 5.4 12 12z\"><\/path><\/svg>\t\t\t<\/span>\n\t\t\t\t\t\t\t\t\t<span class=\"elementor-button-text\">Kursy i szkolenia<\/span>\n\t\t\t\t\t<\/span>\n\t\t\t\t\t<\/a>\n\t\t\t\t\t\t\t\t<\/div>\n\t\t\t\t<div class=\"elementor-element elementor-element-b4bcd1a elementor-align-right elementor-widget elementor-widget-button\" data-id=\"b4bcd1a\" data-element_type=\"widget\" data-e-type=\"widget\" data-widget_type=\"button.default\">\n\t\t\t\t\t\t\t\t\t\t<a class=\"elementor-button elementor-button-link elementor-size-sm\" href=\"tel:%20+48739150675\">\n\t\t\t\t\t\t<span class=\"elementor-button-content-wrapper\">\n\t\t\t\t\t\t<span class=\"elementor-button-icon\">\n\t\t\t\t<svg aria-hidden=\"true\" class=\"e-font-icon-svg e-fas-phone-alt\" viewBox=\"0 0 512 512\" xmlns=\"http:\/\/www.w3.org\/2000\/svg\"><path d=\"M497.39 361.8l-112-48a24 24 0 0 0-28 6.9l-49.6 60.6A370.66 370.66 0 0 1 130.6 204.11l60.6-49.6a23.94 23.94 0 0 0 6.9-28l-48-112A24.16 24.16 0 0 0 122.6.61l-104 24A24 24 0 0 0 0 48c0 256.5 207.9 464 464 464a24 24 0 0 0 23.4-18.6l24-104a24.29 24.29 0 0 0-14.01-27.6z\"><\/path><\/svg>\t\t\t<\/span>\n\t\t\t\t\t\t\t\t\t<span class=\"elementor-button-text\"> 739150675<\/span>\n\t\t\t\t\t<\/span>\n\t\t\t\t\t<\/a>\n\t\t\t\t\t\t\t\t<\/div>\n\t\t\t\t\t<\/div>\n\t\t\t\t<\/div>\n\t\t\t\t<\/div>\n\t\t","protected":false},"excerpt":{"rendered":"<p>Kurs pierwszej pomocy Kurs Pierwszej Pomocy (KPP) przeznaczony jest dla os\u00f3b indywidualnych, firm jak r\u00f3wnie\u017c dla grup zorganizowanych. Szkolenie trwa od 6 do 16 godzin w zale\u017cno\u015bci od potrzeb odbiorc\u00f3w, w grupach licz\u0105cych do 20 os\u00f3b. Zaj\u0119cia prowadzone s\u0105 g\u0142\u00f3wnie w formie warsztat\u00f3w (konkretnych zada\u0144 ratowniczych) z wykorzystaniem fantom\u00f3w oraz pozorowanych uraz\u00f3w, tj.: opatrywanie ran,&hellip;&nbsp;<a href=\"https:\/\/lopix.pl\/lopix\/index.php\/pierwsza-pomoc\/\" rel=\"bookmark\">Dowiedz si\u0119 wi\u0119cej &raquo;<span class=\"screen-reader-text\">Pierwsza pomoc<\/span><\/a><\/p>\n","protected":false},"author":1,"featured_media":0,"parent":0,"menu_order":310,"comment_status":"closed","ping_status":"closed","template":"page-templates\/template-pagebuilder-full-width.php","meta":{"neve_meta_sidebar":"","neve_meta_container":"","neve_meta_enable_content_width":"","neve_meta_content_width":0,"neve_meta_title_alignment":"","neve_meta_author_avatar":"","neve_post_elements_order":"","neve_meta_disable_header":"","neve_meta_disable_footer":"","neve_meta_disable_title":"","footnotes":""},"class_list":["post-675","page","type-page","status-publish","hentry"],"_links":{"self":[{"href":"https:\/\/lopix.pl\/lopix\/index.php\/wp-json\/wp\/v2\/pages\/675","targetHints":{"allow":["GET"]}}],"collection":[{"href":"https:\/\/lopix.pl\/lopix\/index.php\/wp-json\/wp\/v2\/pages"}],"about":[{"href":"https:\/\/lopix.pl\/lopix\/index.php\/wp-json\/wp\/v2\/types\/page"}],"author":[{"embeddable":true,"href":"https:\/\/lopix.pl\/lopix\/index.php\/wp-json\/wp\/v2\/users\/1"}],"replies":[{"embeddable":true,"href":"https:\/\/lopix.pl\/lopix\/index.php\/wp-json\/wp\/v2\/comments?post=675"}],"version-history":[{"count":26,"href":"https:\/\/lopix.pl\/lopix\/index.php\/wp-json\/wp\/v2\/pages\/675\/revisions"}],"predecessor-version":[{"id":758,"href":"https:\/\/lopix.pl\/lopix\/index.php\/wp-json\/wp\/v2\/pages\/675\/revisions\/758"}],"wp:attachment":[{"href":"https:\/\/lopix.pl\/lopix\/index.php\/wp-json\/wp\/v2\/media?parent=675"}],"curies":[{"name":"wp","href":"https:\/\/api.w.org\/{rel}","templated":true}]}}